{"id":3841,"date":"2023-02-28T20:32:52","date_gmt":"2023-02-28T19:32:52","guid":{"rendered":"https:\/\/creaturescreatrices.com\/?page_id=3841"},"modified":"2023-03-15T11:24:45","modified_gmt":"2023-03-15T10:24:45","slug":"identidads","status":"publish","type":"page","link":"https:\/\/creaturescreatrices.com\/index.php\/identidads\/","title":{"rendered":"IDENTIDAD(S)"},"content":{"rendered":"[vc_row type=\u00a0\u00bbfull_width_content\u00a0\u00bb full_screen_row_position=\u00a0\u00bbmiddle\u00a0\u00bb column_margin=\u00a0\u00bbdefault\u00a0\u00bb equal_height=\u00a0\u00bbyes\u00a0\u00bb content_placement=\u00a0\u00bbmiddle\u00a0\u00bb column_direction=\u00a0\u00bbdefault\u00a0\u00bb column_direction_tablet=\u00a0\u00bbcolumn_reverse\u00a0\u00bb column_direction_phone=\u00a0\u00bbcolumn_reverse\u00a0\u00bb scene_position=\u00a0\u00bbcenter\u00a0\u00bb top_padding=\u00a0\u00bb0&Prime; bottom_padding=\u00a0\u00bb0&Prime; left_padding_tablet=\u00a0\u00bb8%\u00a0\u00bb constrain_group_4=\u00a0\u00bbyes\u00a0\u00bb right_padding_tablet=\u00a0\u00bb8%\u00a0\u00bb text_color=\u00a0\u00bbdark\u00a0\u00bb text_align=\u00a0\u00bbleft\u00a0\u00bb row_border_radius=\u00a0\u00bbnone\u00a0\u00bb row_border_radius_applies=\u00a0\u00bbbg\u00a0\u00bb overflow=\u00a0\u00bbvisible\u00a0\u00bb advanced_gradient_angle=\u00a0\u00bb0&Prime; overlay_strength=\u00a0\u00bb0.3&Prime; gradient_direction=\u00a0\u00bbleft_to_right\u00a0\u00bb shape_divider_position=\u00a0\u00bbbottom\u00a0\u00bb bg_image_animation=\u00a0\u00bbnone\u00a0\u00bb gradient_type=\u00a0\u00bbdefault\u00a0\u00bb shape_type=\u00a0\u00bb\u00a0\u00bb][vc_column column_padding=\u00a0\u00bbno-extra-padding\u00a0\u00bb column_padding_tablet=\u00a0\u00bbinherit\u00a0\u00bb column_padding_phone=\u00a0\u00bbinherit\u00a0\u00bb column_padding_position=\u00a0\u00bball\u00a0\u00bb left_margin=\u00a0\u00bb-25&Prime; column_element_spacing=\u00a0\u00bb0px\u00a0\u00bb background_color_opacity=\u00a0\u00bb1&Prime; background_hover_color_opacity=\u00a0\u00bb1&Prime; column_shadow=\u00a0\u00bbnone\u00a0\u00bb column_border_radius=\u00a0\u00bbnone\u00a0\u00bb column_link_target=\u00a0\u00bb_self\u00a0\u00bb column_position=\u00a0\u00bbdefault\u00a0\u00bb advanced_gradient_angle=\u00a0\u00bb0&Prime; gradient_direction=\u00a0\u00bbleft_to_right\u00a0\u00bb overlay_strength=\u00a0\u00bb0.3&Prime; width=\u00a0\u00bb1\/2&Prime; tablet_width_inherit=\u00a0\u00bbdefault\u00a0\u00bb tablet_text_alignment=\u00a0\u00bbdefault\u00a0\u00bb phone_text_alignment=\u00a0\u00bbdefault\u00a0\u00bb animation_type=\u00a0\u00bbdefault\u00a0\u00bb bg_image_animation=\u00a0\u00bbnone\u00a0\u00bb border_type=\u00a0\u00bbsimple\u00a0\u00bb column_border_width=\u00a0\u00bbnone\u00a0\u00bb column_border_style=\u00a0\u00bbsolid\u00a0\u00bb gradient_type=\u00a0\u00bbdefault\u00a0\u00bb][vc_row_inner column_margin=\u00a0\u00bbdefault\u00a0\u00bb column_direction=\u00a0\u00bbdefault\u00a0\u00bb column_direction_tablet=\u00a0\u00bbdefault\u00a0\u00bb column_direction_phone=\u00a0\u00bbdefault\u00a0\u00bb left_padding_desktop=\u00a0\u00bb20%\u00a0\u00bb left_padding_tablet=\u00a0\u00bb10%\u00a0\u00bb text_align=\u00a0\u00bbleft\u00a0\u00bb row_position=\u00a0\u00bbdefault\u00a0\u00bb row_position_tablet=\u00a0\u00bbinherit\u00a0\u00bb row_position_phone=\u00a0\u00bbinherit\u00a0\u00bb overflow=\u00a0\u00bbvisible\u00a0\u00bb pointer_events=\u00a0\u00bball\u00a0\u00bb][vc_column_inner column_padding=\u00a0\u00bbno-extra-padding\u00a0\u00bb column_padding_tablet=\u00a0\u00bbinherit\u00a0\u00bb column_padding_phone=\u00a0\u00bbinherit\u00a0\u00bb column_padding_position=\u00a0\u00bball\u00a0\u00bb column_element_spacing=\u00a0\u00bbdefault\u00a0\u00bb background_color_opacity=\u00a0\u00bb1&Prime; background_hover_color_opacity=\u00a0\u00bb1&Prime; background_image=\u00a0\u00bb3802&Prime; background_image_position=\u00a0\u00bbcenter center\u00a0\u00bb enable_bg_scale=\u00a0\u00bbtrue\u00a0\u00bb background_image_loading=\u00a0\u00bbdefault\u00a0\u00bb column_shadow=\u00a0\u00bbnone\u00a0\u00bb column_border_radius=\u00a0\u00bbnone\u00a0\u00bb column_link_target=\u00a0\u00bb_self\u00a0\u00bb advanced_gradient_angle=\u00a0\u00bb0&Prime; gradient_direction=\u00a0\u00bbleft_to_right\u00a0\u00bb overlay_strength=\u00a0\u00bb0.3&Prime; width=\u00a0\u00bb1\/1&Prime; tablet_width_inherit=\u00a0\u00bbdefault\u00a0\u00bb animation_type=\u00a0\u00bbdefault\u00a0\u00bb bg_image_animation=\u00a0\u00bbnone\u00a0\u00bb parallax_bg=\u00a0\u00bbtrue\u00a0\u00bb parallax_bg_speed=\u00a0\u00bbvery_subtle\u00a0\u00bb border_type=\u00a0\u00bbsimple\u00a0\u00bb column_border_width=\u00a0\u00bbnone\u00a0\u00bb column_border_style=\u00a0\u00bbsolid\u00a0\u00bb gradient_type=\u00a0\u00bbdefault\u00a0\u00bb][divider line_type=\u00a0\u00bbNo Line\u00a0\u00bb custom_height=\u00a0\u00bb80vh\u00a0\u00bb custom_height_tablet=\u00a0\u00bb40vh\u00a0\u00bb custom_height_phone=\u00a0\u00bb300px\u00a0\u00bb][divider line_type=\u00a0\u00bbNo Line\u00a0\u00bb custom_height=\u00a0\u00bb90vh\u00a0\u00bb custom_height_tablet=\u00a0\u00bb70vh\u00a0\u00bb custom_height_phone=\u00a0\u00bb60vh\u00a0\u00bb][\/vc_column_inner][\/vc_row_inner][\/vc_column][vc_column column_padding=\u00a0\u00bbpadding-8-percent\u00a0\u00bb column_padding_tablet=\u00a0\u00bbno-extra-padding\u00a0\u00bb column_padding_phone=\u00a0\u00bbno-extra-padding\u00a0\u00bb column_padding_position=\u00a0\u00bball\u00a0\u00bb right_margin=\u00a0\u00bb-39&Prime; column_element_spacing=\u00a0\u00bbdefault\u00a0\u00bb background_color_opacity=\u00a0\u00bb1&Prime; background_hover_color_opacity=\u00a0\u00bb1&Prime; column_shadow=\u00a0\u00bbnone\u00a0\u00bb column_border_radius=\u00a0\u00bbnone\u00a0\u00bb column_link_target=\u00a0\u00bb_self\u00a0\u00bb column_position=\u00a0\u00bbdefault\u00a0\u00bb advanced_gradient_angle=\u00a0\u00bb0&Prime; gradient_direction=\u00a0\u00bbleft_to_right\u00a0\u00bb overlay_strength=\u00a0\u00bb0.3&Prime; width=\u00a0\u00bb1\/2&Prime; tablet_width_inherit=\u00a0\u00bbdefault\u00a0\u00bb tablet_text_alignment=\u00a0\u00bbdefault\u00a0\u00bb phone_text_alignment=\u00a0\u00bbdefault\u00a0\u00bb animation_type=\u00a0\u00bbdefault\u00a0\u00bb bg_image_animation=\u00a0\u00bbnone\u00a0\u00bb border_type=\u00a0\u00bbsimple\u00a0\u00bb column_border_width=\u00a0\u00bbnone\u00a0\u00bb column_border_style=\u00a0\u00bbsolid\u00a0\u00bb gradient_type=\u00a0\u00bbdefault\u00a0\u00bb][split_line_heading animation_type=\u00a0\u00bbline-reveal-by-space\u00a0\u00bb font_style=\u00a0\u00bbh2&Prime; text_color=\u00a0\u00bb#000000&Prime; line_reveal_by_space_text_effect=\u00a0\u00bbdefault\u00a0\u00bb stagger_animation=\u00a0\u00bbtrue\u00a0\u00bb content_alignment=\u00a0\u00bbdefault\u00a0\u00bb mobile_content_alignment=\u00a0\u00bbinherit\u00a0\u00bb link_target=\u00a0\u00bb_self\u00a0\u00bb text_content=\u00a0\u00bbIdentidad(s)\u00a0\u00bb font_size=\u00a0\u00bb3vw\u00a0\u00bb][\/split_line_heading][split_line_heading animation_type=\u00a0\u00bbline-reveal-by-space\u00a0\u00bb font_style=\u00a0\u00bbh2&Prime; text_color=\u00a0\u00bb#000000&Prime; line_reveal_by_space_text_effect=\u00a0\u00bbdefault\u00a0\u00bb stagger_animation=\u00a0\u00bbtrue\u00a0\u00bb content_alignment=\u00a0\u00bbdefault\u00a0\u00bb mobile_content_alignment=\u00a0\u00bbinherit\u00a0\u00bb link_target=\u00a0\u00bb_self\u00a0\u00bb text_content=\u00a0\u00bbPlateforme\u00a0\u00bb font_size=\u00a0\u00bb3vw\u00a0\u00bb][\/split_line_heading][split_line_heading animation_type=\u00a0\u00bbline-reveal-by-space\u00a0\u00bb font_style=\u00a0\u00bbh2&Prime; text_color=\u00a0\u00bb#000000&Prime; line_reveal_by_space_text_effect=\u00a0\u00bbdefault\u00a0\u00bb stagger_animation=\u00a0\u00bbtrue\u00a0\u00bb content_alignment=\u00a0\u00bbdefault\u00a0\u00bb mobile_content_alignment=\u00a0\u00bbinherit\u00a0\u00bb link_target=\u00a0\u00bb_self\u00a0\u00bb text_content=\u00a0\u00bb13 mai 16h\u00a0\u00bb font_size=\u00a0\u00bb3vw\u00a0\u00bb][\/split_line_heading][vc_row_inner column_margin=\u00a0\u00bb70px\u00a0\u00bb column_direction=\u00a0\u00bbdefault\u00a0\u00bb column_direction_tablet=\u00a0\u00bbdefault\u00a0\u00bb column_direction_phone=\u00a0\u00bbdefault\u00a0\u00bb top_padding=\u00a0\u00bb25&Prime; bottom_padding=\u00a0\u00bb15&Prime; text_align=\u00a0\u00bbleft\u00a0\u00bb row_position=\u00a0\u00bbdefault\u00a0\u00bb row_position_tablet=\u00a0\u00bbinherit\u00a0\u00bb row_position_phone=\u00a0\u00bbinherit\u00a0\u00bb overflow=\u00a0\u00bbvisible\u00a0\u00bb pointer_events=\u00a0\u00bball\u00a0\u00bb][vc_column_inner column_padding=\u00a0\u00bbno-extra-padding\u00a0\u00bb column_padding_tablet=\u00a0\u00bbinherit\u00a0\u00bb column_padding_phone=\u00a0\u00bbinherit\u00a0\u00bb column_padding_position=\u00a0\u00bball\u00a0\u00bb column_element_spacing=\u00a0\u00bbdefault\u00a0\u00bb background_color_opacity=\u00a0\u00bb1&Prime; background_hover_color_opacity=\u00a0\u00bb1&Prime; column_shadow=\u00a0\u00bbnone\u00a0\u00bb column_border_radius=\u00a0\u00bbnone\u00a0\u00bb column_link_target=\u00a0\u00bb_self\u00a0\u00bb gradient_direction=\u00a0\u00bbleft_to_right\u00a0\u00bb overlay_strength=\u00a0\u00bb0.3&Prime; width=\u00a0\u00bb1\/1&Prime; tablet_width_inherit=\u00a0\u00bbsmall_desktop\u00a0\u00bb animation_type=\u00a0\u00bbdefault\u00a0\u00bb enable_animation=\u00a0\u00bbtrue\u00a0\u00bb animation=\u00a0\u00bbfade-in-from-bottom\u00a0\u00bb bg_image_animation=\u00a0\u00bbnone\u00a0\u00bb border_type=\u00a0\u00bbsimple\u00a0\u00bb column_border_width=\u00a0\u00bbnone\u00a0\u00bb column_border_style=\u00a0\u00bbsolid\u00a0\u00bb][vc_column_text css_animation=\u00a0\u00bbnone\u00a0\u00bb css=\u00a0\u00bb.vc_custom_1678875883333{margin-bottom: 10px !important;}\u00a0\u00bb]\n<h4>Partenariat avec la Grande Parade M\u00e9th\u00e8que<\/h4>\n[\/vc_column_text][nectar_highlighted_text color_type=\u00a0\u00bbregular\u00a0\u00bb style=\u00a0\u00bbfull_text\u00a0\u00bb highlight_expansion=\u00a0\u00bbdefault\u00a0\u00bb]<strong>Quelles empreintes nous laissent les fant\u00f4mes de notre arbre g\u00e9n\u00e9alogique ? Comment d\u00e9terrer les racines qui font celles et ceux que nous sommes aujourd\u2019hui ?<\/strong><\/p>\n<p><span style=\"font-weight: 400;\"><br \/>\n<\/span><span style=\"font-weight: 400;\">Peut-on retrouver les noms oubli\u00e9s des femmes, ceux de nos m\u00e8res, de nos grands-m\u00e8res ? Quelles d\u00e9cisions construisent les personnes que nous sommes et donc notre identit\u00e9 ? IDENTIDAD(S) m\u00e9lange souvenirs intimes, contes et culture universelle pour r\u00e9fl\u00e9chir ensemble sur notre capacit\u00e9 \u00e0 nous construire, nous connaitre, nous reconna\u00eetre.\u00a0<\/span><\/p>\n<p><strong>A travers le langage du cirque, du tissu a\u00e9rien et du th\u00e9\u00e2tre, l&rsquo;artiste part \u00e0 la recherche de son identit\u00e9 propre et nous invite \u00e0 un voyage du personnel \u00e0 l&rsquo;universel. <\/strong>[\/nectar_highlighted_text][\/vc_column_inner][\/vc_row_inner][nectar_highlighted_text color_type=\u00a0\u00bbregular\u00a0\u00bb style=\u00a0\u00bbfull_text\u00a0\u00bb highlight_expansion=\u00a0\u00bbdefault\u00a0\u00bb]<span style=\"font-weight: 400;\"><strong>R\u00e9sidences et aides \u00e0 la cr\u00e9ation :<\/strong> Les Noctambules \u2013 Nanterre \/ Piste d\u2019Azur \u2013 Cannes \/ El Circ Petit \u2013 Barcelone \/ Casa del Circo Contemporaneo \u2013 Cirko Vertigo \u2013 Italie \/ Aide \u00e0 la cr\u00e9ation \u2013 Le Moulin Fondu, CNAREP \u2013 Ile-de-France<\/span><\/p>\n<p>&nbsp;<\/p>\n<p><span style=\"font-weight: 400;\"><strong>Distribution :<\/strong> Id\u00e9e originale et conception cirque : Bel\u00e9n Celedon, Dramaturge et metteuse en sc\u00e8ne : Guillermina Celedon, Composition et cr\u00e9ation musicale : Gaspar Jos\u00e9, Cr\u00e9ateur sonore : Adrien Lecomte, Cr\u00e9atrice et r\u00e9alisatrice costumes : Cl\u00e9mence Roger, Constructeur d\u00e9cor : Cl\u00e9ment Dreyfus, Administration et production : Mathilde Daviot, Interpr\u00e8te : Bel\u00e9n Celedon<\/span>[\/nectar_highlighted_text][nectar_highlighted_text color_type=\u00a0\u00bbregular\u00a0\u00bb style=\u00a0\u00bbfull_text\u00a0\u00bb highlight_expansion=\u00a0\u00bbdefault\u00a0\u00bb]\n<h2><b>ENTREE LIBRE<\/b><\/h2>\n[\/nectar_highlighted_text][nectar_btn size=\u00a0\u00bbjumbo\u00a0\u00bb open_new_tab=\u00a0\u00bbtrue\u00a0\u00bb button_style=\u00a0\u00bbregular\u00a0\u00bb button_color_2=\u00a0\u00bbAccent-Color\u00a0\u00bb icon_family=\u00a0\u00bbnone\u00a0\u00bb text=\u00a0\u00bbPLUS D&rsquo;INFOS\u00a0\u00bb url=\u00a0\u00bbhttps:\/\/www.ademass.org\/\u00a0\u00bb][\/vc_column][\/vc_row]\n","protected":false},"excerpt":{"rendered":"<p>[vc_row type=\u00a0\u00bbfull_width_content\u00a0\u00bb full_screen_row_position=\u00a0\u00bbmiddle\u00a0\u00bb column_margin=\u00a0\u00bbdefault\u00a0\u00bb equal_height=\u00a0\u00bbyes\u00a0\u00bb content_placement=\u00a0\u00bbmiddle\u00a0\u00bb column_direction=\u00a0\u00bbdefault\u00a0\u00bb column_direction_tablet=\u00a0\u00bbcolumn_reverse\u00a0\u00bb column_direction_phone=\u00a0\u00bbcolumn_reverse\u00a0\u00bb scene_position=\u00a0\u00bbcenter\u00a0\u00bb top_padding=\u00a0\u00bb0&Prime; bottom_padding=\u00a0\u00bb0&Prime; left_padding_tablet=\u00a0\u00bb8%\u00a0\u00bb constrain_group_4=\u00a0\u00bbyes\u00a0\u00bb right_padding_tablet=\u00a0\u00bb8%\u00a0\u00bb text_color=\u00a0\u00bbdark\u00a0\u00bb text_align=\u00a0\u00bbleft\u00a0\u00bb row_border_radius=\u00a0\u00bbnone\u00a0\u00bb row_border_radius_applies=\u00a0\u00bbbg\u00a0\u00bb overflow=\u00a0\u00bbvisible\u00a0\u00bb advanced_gradient_angle=\u00a0\u00bb0&Prime; overlay_strength=\u00a0\u00bb0.3&Prime; gradient_direction=\u00a0\u00bbleft_to_right\u00a0\u00bb shape_divider_position=\u00a0\u00bbbottom\u00a0\u00bb bg_image_animation=\u00a0\u00bbnone\u00a0\u00bb gradient_type=\u00a0\u00bbdefault\u00a0\u00bb shape_type=\u00a0\u00bb\u00a0\u00bb][vc_column column_padding=\u00a0\u00bbno-extra-padding\u00a0\u00bb column_padding_tablet=\u00a0\u00bbinherit\u00a0\u00bb column_padding_phone=\u00a0\u00bbinherit\u00a0\u00bb&#8230;<\/p>\n","protected":false},"author":1,"featured_media":0,"parent":0,"menu_order":0,"comment_status":"closed","ping_status":"closed","template":"","meta":{"footnotes":""},"class_list":["post-3841","page","type-page","status-publish"],"_links":{"self":[{"href":"https:\/\/creaturescreatrices.com\/index.php\/wp-json\/wp\/v2\/pages\/3841","targetHints":{"allow":["GET"]}}],"collection":[{"href":"https:\/\/creaturescreatrices.com\/index.php\/wp-json\/wp\/v2\/pages"}],"about":[{"href":"https:\/\/creaturescreatrices.com\/index.php\/wp-json\/wp\/v2\/types\/page"}],"author":[{"embeddable":true,"href":"https:\/\/creaturescreatrices.com\/index.php\/wp-json\/wp\/v2\/users\/1"}],"replies":[{"embeddable":true,"href":"https:\/\/creaturescreatrices.com\/index.php\/wp-json\/wp\/v2\/comments?post=3841"}],"version-history":[{"count":3,"href":"https:\/\/creaturescreatrices.com\/index.php\/wp-json\/wp\/v2\/pages\/3841\/revisions"}],"predecessor-version":[{"id":3893,"href":"https:\/\/creaturescreatrices.com\/index.php\/wp-json\/wp\/v2\/pages\/3841\/revisions\/3893"}],"wp:attachment":[{"href":"https:\/\/creaturescreatrices.com\/index.php\/wp-json\/wp\/v2\/media?parent=3841"}],"curies":[{"name":"wp","href":"https:\/\/api.w.org\/{rel}","templated":true}]}}