{"id":3829,"date":"2023-02-28T17:29:01","date_gmt":"2023-02-28T16:29:01","guid":{"rendered":"https:\/\/creaturescreatrices.com\/?page_id=3829"},"modified":"2023-02-28T20:39:39","modified_gmt":"2023-02-28T19:39:39","slug":"romeo-acte-2-mais-a-3","status":"publish","type":"page","link":"https:\/\/creaturescreatrices.com\/index.php\/romeo-acte-2-mais-a-3\/","title":{"rendered":"Romeo acte 2 mais \u00e0 3"},"content":{"rendered":"[vc_row type=\u00a0\u00bbfull_width_content\u00a0\u00bb full_screen_row_position=\u00a0\u00bbmiddle\u00a0\u00bb column_margin=\u00a0\u00bbdefault\u00a0\u00bb equal_height=\u00a0\u00bbyes\u00a0\u00bb content_placement=\u00a0\u00bbmiddle\u00a0\u00bb column_direction=\u00a0\u00bbdefault\u00a0\u00bb column_direction_tablet=\u00a0\u00bbcolumn_reverse\u00a0\u00bb column_direction_phone=\u00a0\u00bbcolumn_reverse\u00a0\u00bb scene_position=\u00a0\u00bbcenter\u00a0\u00bb top_padding=\u00a0\u00bb0&Prime; bottom_padding=\u00a0\u00bb0&Prime; left_padding_tablet=\u00a0\u00bb8%\u00a0\u00bb constrain_group_4=\u00a0\u00bbyes\u00a0\u00bb right_padding_tablet=\u00a0\u00bb8%\u00a0\u00bb text_color=\u00a0\u00bbdark\u00a0\u00bb text_align=\u00a0\u00bbleft\u00a0\u00bb row_border_radius=\u00a0\u00bbnone\u00a0\u00bb row_border_radius_applies=\u00a0\u00bbbg\u00a0\u00bb overflow=\u00a0\u00bbvisible\u00a0\u00bb advanced_gradient_angle=\u00a0\u00bb0&Prime; overlay_strength=\u00a0\u00bb0.3&Prime; gradient_direction=\u00a0\u00bbleft_to_right\u00a0\u00bb shape_divider_position=\u00a0\u00bbbottom\u00a0\u00bb bg_image_animation=\u00a0\u00bbnone\u00a0\u00bb gradient_type=\u00a0\u00bbdefault\u00a0\u00bb shape_type=\u00a0\u00bb\u00a0\u00bb][vc_column column_padding=\u00a0\u00bbno-extra-padding\u00a0\u00bb column_padding_tablet=\u00a0\u00bbinherit\u00a0\u00bb column_padding_phone=\u00a0\u00bbinherit\u00a0\u00bb column_padding_position=\u00a0\u00bball\u00a0\u00bb left_margin=\u00a0\u00bb-25&Prime; column_element_spacing=\u00a0\u00bb0px\u00a0\u00bb background_color_opacity=\u00a0\u00bb1&Prime; background_hover_color_opacity=\u00a0\u00bb1&Prime; column_shadow=\u00a0\u00bbnone\u00a0\u00bb column_border_radius=\u00a0\u00bbnone\u00a0\u00bb column_link_target=\u00a0\u00bb_self\u00a0\u00bb column_position=\u00a0\u00bbdefault\u00a0\u00bb advanced_gradient_angle=\u00a0\u00bb0&Prime; gradient_direction=\u00a0\u00bbleft_to_right\u00a0\u00bb overlay_strength=\u00a0\u00bb0.3&Prime; width=\u00a0\u00bb1\/2&Prime; tablet_width_inherit=\u00a0\u00bbdefault\u00a0\u00bb tablet_text_alignment=\u00a0\u00bbdefault\u00a0\u00bb phone_text_alignment=\u00a0\u00bbdefault\u00a0\u00bb animation_type=\u00a0\u00bbdefault\u00a0\u00bb bg_image_animation=\u00a0\u00bbnone\u00a0\u00bb border_type=\u00a0\u00bbsimple\u00a0\u00bb column_border_width=\u00a0\u00bbnone\u00a0\u00bb column_border_style=\u00a0\u00bbsolid\u00a0\u00bb gradient_type=\u00a0\u00bbdefault\u00a0\u00bb][vc_row_inner column_margin=\u00a0\u00bbdefault\u00a0\u00bb column_direction=\u00a0\u00bbdefault\u00a0\u00bb column_direction_tablet=\u00a0\u00bbdefault\u00a0\u00bb column_direction_phone=\u00a0\u00bbdefault\u00a0\u00bb left_padding_desktop=\u00a0\u00bb20%\u00a0\u00bb left_padding_tablet=\u00a0\u00bb10%\u00a0\u00bb text_align=\u00a0\u00bbleft\u00a0\u00bb row_position=\u00a0\u00bbdefault\u00a0\u00bb row_position_tablet=\u00a0\u00bbinherit\u00a0\u00bb row_position_phone=\u00a0\u00bbinherit\u00a0\u00bb overflow=\u00a0\u00bbvisible\u00a0\u00bb pointer_events=\u00a0\u00bball\u00a0\u00bb][vc_column_inner column_padding=\u00a0\u00bbno-extra-padding\u00a0\u00bb column_padding_tablet=\u00a0\u00bbinherit\u00a0\u00bb column_padding_phone=\u00a0\u00bbinherit\u00a0\u00bb column_padding_position=\u00a0\u00bball\u00a0\u00bb column_element_spacing=\u00a0\u00bbdefault\u00a0\u00bb background_color_opacity=\u00a0\u00bb1&Prime; background_hover_color_opacity=\u00a0\u00bb1&Prime; background_image=\u00a0\u00bb3798&Prime; background_image_position=\u00a0\u00bbcenter center\u00a0\u00bb enable_bg_scale=\u00a0\u00bbtrue\u00a0\u00bb background_image_loading=\u00a0\u00bbdefault\u00a0\u00bb column_shadow=\u00a0\u00bbnone\u00a0\u00bb column_border_radius=\u00a0\u00bbnone\u00a0\u00bb column_link_target=\u00a0\u00bb_self\u00a0\u00bb advanced_gradient_angle=\u00a0\u00bb0&Prime; gradient_direction=\u00a0\u00bbleft_to_right\u00a0\u00bb overlay_strength=\u00a0\u00bb0.3&Prime; width=\u00a0\u00bb1\/1&Prime; tablet_width_inherit=\u00a0\u00bbdefault\u00a0\u00bb animation_type=\u00a0\u00bbdefault\u00a0\u00bb bg_image_animation=\u00a0\u00bbnone\u00a0\u00bb parallax_bg=\u00a0\u00bbtrue\u00a0\u00bb parallax_bg_speed=\u00a0\u00bbvery_subtle\u00a0\u00bb border_type=\u00a0\u00bbsimple\u00a0\u00bb column_border_width=\u00a0\u00bbnone\u00a0\u00bb column_border_style=\u00a0\u00bbsolid\u00a0\u00bb gradient_type=\u00a0\u00bbdefault\u00a0\u00bb][divider line_type=\u00a0\u00bbNo Line\u00a0\u00bb custom_height=\u00a0\u00bb80vh\u00a0\u00bb custom_height_tablet=\u00a0\u00bb40vh\u00a0\u00bb custom_height_phone=\u00a0\u00bb300px\u00a0\u00bb][divider line_type=\u00a0\u00bbNo Line\u00a0\u00bb custom_height=\u00a0\u00bb90vh\u00a0\u00bb custom_height_tablet=\u00a0\u00bb70vh\u00a0\u00bb custom_height_phone=\u00a0\u00bb60vh\u00a0\u00bb][\/vc_column_inner][\/vc_row_inner][\/vc_column][vc_column column_padding=\u00a0\u00bbpadding-8-percent\u00a0\u00bb column_padding_tablet=\u00a0\u00bbno-extra-padding\u00a0\u00bb column_padding_phone=\u00a0\u00bbno-extra-padding\u00a0\u00bb column_padding_position=\u00a0\u00bball\u00a0\u00bb right_margin=\u00a0\u00bb-39&Prime; column_element_spacing=\u00a0\u00bbdefault\u00a0\u00bb background_color_opacity=\u00a0\u00bb1&Prime; background_hover_color_opacity=\u00a0\u00bb1&Prime; column_shadow=\u00a0\u00bbnone\u00a0\u00bb column_border_radius=\u00a0\u00bbnone\u00a0\u00bb column_link_target=\u00a0\u00bb_self\u00a0\u00bb column_position=\u00a0\u00bbdefault\u00a0\u00bb advanced_gradient_angle=\u00a0\u00bb0&Prime; gradient_direction=\u00a0\u00bbleft_to_right\u00a0\u00bb overlay_strength=\u00a0\u00bb0.3&Prime; width=\u00a0\u00bb1\/2&Prime; tablet_width_inherit=\u00a0\u00bbdefault\u00a0\u00bb tablet_text_alignment=\u00a0\u00bbdefault\u00a0\u00bb phone_text_alignment=\u00a0\u00bbdefault\u00a0\u00bb animation_type=\u00a0\u00bbdefault\u00a0\u00bb bg_image_animation=\u00a0\u00bbnone\u00a0\u00bb border_type=\u00a0\u00bbsimple\u00a0\u00bb column_border_width=\u00a0\u00bbnone\u00a0\u00bb column_border_style=\u00a0\u00bbsolid\u00a0\u00bb gradient_type=\u00a0\u00bbdefault\u00a0\u00bb][split_line_heading animation_type=\u00a0\u00bbline-reveal-by-space\u00a0\u00bb font_style=\u00a0\u00bbh2&Prime; text_color=\u00a0\u00bb#000000&Prime; line_reveal_by_space_text_effect=\u00a0\u00bbdefault\u00a0\u00bb stagger_animation=\u00a0\u00bbtrue\u00a0\u00bb content_alignment=\u00a0\u00bbdefault\u00a0\u00bb mobile_content_alignment=\u00a0\u00bbinherit\u00a0\u00bb link_target=\u00a0\u00bb_self\u00a0\u00bb text_content=\u00a0\u00bbRom\u00e9o acte 2 mais \u00e0 3&Prime; font_size=\u00a0\u00bb3vw\u00a0\u00bb][\/split_line_heading][split_line_heading animation_type=\u00a0\u00bbline-reveal-by-space\u00a0\u00bb font_style=\u00a0\u00bbh2&Prime; text_color=\u00a0\u00bb#000000&Prime; line_reveal_by_space_text_effect=\u00a0\u00bbdefault\u00a0\u00bb stagger_animation=\u00a0\u00bbtrue\u00a0\u00bb content_alignment=\u00a0\u00bbdefault\u00a0\u00bb mobile_content_alignment=\u00a0\u00bbinherit\u00a0\u00bb link_target=\u00a0\u00bb_self\u00a0\u00bb text_content=\u00a0\u00bbCie C&rsquo;est Pas Grave\u00a0\u00bb font_size=\u00a0\u00bb3vw\u00a0\u00bb][\/split_line_heading][split_line_heading animation_type=\u00a0\u00bbline-reveal-by-space\u00a0\u00bb font_style=\u00a0\u00bbh2&Prime; text_color=\u00a0\u00bb#000000&Prime; line_reveal_by_space_text_effect=\u00a0\u00bbdefault\u00a0\u00bb stagger_animation=\u00a0\u00bbtrue\u00a0\u00bb content_alignment=\u00a0\u00bbdefault\u00a0\u00bb mobile_content_alignment=\u00a0\u00bbinherit\u00a0\u00bb link_target=\u00a0\u00bb_self\u00a0\u00bb text_content=\u00a0\u00bb15 avril 18h30&Prime; font_size=\u00a0\u00bb3vw\u00a0\u00bb][\/split_line_heading][vc_row_inner column_margin=\u00a0\u00bb70px\u00a0\u00bb column_direction=\u00a0\u00bbdefault\u00a0\u00bb column_direction_tablet=\u00a0\u00bbdefault\u00a0\u00bb column_direction_phone=\u00a0\u00bbdefault\u00a0\u00bb top_padding=\u00a0\u00bb25&Prime; bottom_padding=\u00a0\u00bb15&Prime; text_align=\u00a0\u00bbleft\u00a0\u00bb row_position=\u00a0\u00bbdefault\u00a0\u00bb row_position_tablet=\u00a0\u00bbinherit\u00a0\u00bb row_position_phone=\u00a0\u00bbinherit\u00a0\u00bb overflow=\u00a0\u00bbvisible\u00a0\u00bb pointer_events=\u00a0\u00bball\u00a0\u00bb][vc_column_inner column_padding=\u00a0\u00bbno-extra-padding\u00a0\u00bb column_padding_tablet=\u00a0\u00bbinherit\u00a0\u00bb column_padding_phone=\u00a0\u00bbinherit\u00a0\u00bb column_padding_position=\u00a0\u00bball\u00a0\u00bb column_element_spacing=\u00a0\u00bbdefault\u00a0\u00bb background_color_opacity=\u00a0\u00bb1&Prime; background_hover_color_opacity=\u00a0\u00bb1&Prime; column_shadow=\u00a0\u00bbnone\u00a0\u00bb column_border_radius=\u00a0\u00bbnone\u00a0\u00bb column_link_target=\u00a0\u00bb_self\u00a0\u00bb gradient_direction=\u00a0\u00bbleft_to_right\u00a0\u00bb overlay_strength=\u00a0\u00bb0.3&Prime; width=\u00a0\u00bb1\/1&Prime; tablet_width_inherit=\u00a0\u00bbsmall_desktop\u00a0\u00bb animation_type=\u00a0\u00bbdefault\u00a0\u00bb enable_animation=\u00a0\u00bbtrue\u00a0\u00bb animation=\u00a0\u00bbfade-in-from-bottom\u00a0\u00bb bg_image_animation=\u00a0\u00bbnone\u00a0\u00bb border_type=\u00a0\u00bbsimple\u00a0\u00bb column_border_width=\u00a0\u00bbnone\u00a0\u00bb column_border_style=\u00a0\u00bbsolid\u00a0\u00bb][vc_column_text css_animation=\u00a0\u00bbnone\u00a0\u00bb css=\u00a0\u00bb.vc_custom_1677601306364{margin-bottom: 10px !important;}\u00a0\u00bb]\n<h4>R\u00e9sidence de Cr\u00e9ation &#8211; Ville de Lav\u00e9rune<\/h4>\n[\/vc_column_text][nectar_highlighted_text color_type=\u00a0\u00bbregular\u00a0\u00bb style=\u00a0\u00bbfull_text\u00a0\u00bb highlight_expansion=\u00a0\u00bbdefault\u00a0\u00bb]<span style=\"font-weight: 400;\">En r\u00e9sidence \u00e0 la <\/span><span style=\"font-weight: 400;\">salle polyvalente du ch\u00e2teau<\/span><span style=\"font-weight: 400;\"> de Laverune, du 10 au 22 avril, la Compagnie <\/span><span style=\"font-weight: 400;\">C\u2019est pas grave<\/span><span style=\"font-weight: 400;\"> travaille autour d\u2019un spectacle qui parlera d&rsquo;amour et qui interrogera : <strong>comment vivre dans notre socie\u0301te\u0301 avec toutes les diffe\u0301rentes formes de violence qui nous entourent ?<\/strong><\/span><span style=\"font-weight: 400;\"><br \/>\n<\/span><span style=\"font-weight: 400;\"><br \/>\n<\/span><span style=\"font-weight: 400;\">Comment avancer, quel moteur, quels espoirs&#8230; Polyamour, jalousie, se\u0301duction, passion&#8230; Parsemer de clins d&rsquo;\u0153il, de films et \u0153uvres de leur g\u00e9n\u00e9ration qui ont fait battre tous les c\u0153urs\u2026 Des actrices ? Non des clowns ! <strong>Des clowns qui vont jouer a\u0300 l&rsquo;amour !<\/strong><\/span>[\/nectar_highlighted_text][\/vc_column_inner][\/vc_row_inner][nectar_highlighted_text color_type=\u00a0\u00bbregular\u00a0\u00bb style=\u00a0\u00bbfull_text\u00a0\u00bb highlight_expansion=\u00a0\u00bbdefault\u00a0\u00bb]<strong>Interpr\u00e8tes : <\/strong><span style=\"font-weight: 400;\">Aur\u00e9lie COMPAGNON, Pauline SCHOENHALS, M\u00e9lissa HOREM<\/span><\/p>\n<p><span style=\"font-weight: 400;\"><strong>Partenaires :<\/strong> Ville de Lav\u00e9rune (34), Ville de St Julien en Genevois\u00a0 ( 74 ), Association TRAC ( REIMS , 51 )<\/span>[\/nectar_highlighted_text][nectar_highlighted_text color_type=\u00a0\u00bbregular\u00a0\u00bb style=\u00a0\u00bbfull_text\u00a0\u00bb highlight_expansion=\u00a0\u00bbdefault\u00a0\u00bb]\n<h2><b>ENTREE LIBRE\u00a0<\/b><\/h2>\n[\/nectar_highlighted_text][nectar_btn size=\u00a0\u00bbjumbo\u00a0\u00bb open_new_tab=\u00a0\u00bbtrue\u00a0\u00bb button_style=\u00a0\u00bbregular\u00a0\u00bb button_color_2=\u00a0\u00bbAccent-Color\u00a0\u00bb icon_family=\u00a0\u00bbnone\u00a0\u00bb text=\u00a0\u00bbPlus d&rsquo;infos\u00a0\u00bb url=\u00a0\u00bbhttps:\/\/www.laverune.fr\/decouvrir-bouger\/culture-et-loisirs\/agenda\/331-saison-culturelle-2022-2023&Prime;][\/vc_column][\/vc_row]\n","protected":false},"excerpt":{"rendered":"<p>[vc_row type=\u00a0\u00bbfull_width_content\u00a0\u00bb full_screen_row_position=\u00a0\u00bbmiddle\u00a0\u00bb column_margin=\u00a0\u00bbdefault\u00a0\u00bb equal_height=\u00a0\u00bbyes\u00a0\u00bb content_placement=\u00a0\u00bbmiddle\u00a0\u00bb column_direction=\u00a0\u00bbdefault\u00a0\u00bb column_direction_tablet=\u00a0\u00bbcolumn_reverse\u00a0\u00bb column_direction_phone=\u00a0\u00bbcolumn_reverse\u00a0\u00bb scene_position=\u00a0\u00bbcenter\u00a0\u00bb top_padding=\u00a0\u00bb0&Prime; bottom_padding=\u00a0\u00bb0&Prime; left_padding_tablet=\u00a0\u00bb8%\u00a0\u00bb constrain_group_4=\u00a0\u00bbyes\u00a0\u00bb right_padding_tablet=\u00a0\u00bb8%\u00a0\u00bb text_color=\u00a0\u00bbdark\u00a0\u00bb text_align=\u00a0\u00bbleft\u00a0\u00bb row_border_radius=\u00a0\u00bbnone\u00a0\u00bb row_border_radius_applies=\u00a0\u00bbbg\u00a0\u00bb overflow=\u00a0\u00bbvisible\u00a0\u00bb advanced_gradient_angle=\u00a0\u00bb0&Prime; overlay_strength=\u00a0\u00bb0.3&Prime; gradient_direction=\u00a0\u00bbleft_to_right\u00a0\u00bb shape_divider_position=\u00a0\u00bbbottom\u00a0\u00bb bg_image_animation=\u00a0\u00bbnone\u00a0\u00bb gradient_type=\u00a0\u00bbdefault\u00a0\u00bb shape_type=\u00a0\u00bb\u00a0\u00bb][vc_column column_padding=\u00a0\u00bbno-extra-padding\u00a0\u00bb column_padding_tablet=\u00a0\u00bbinherit\u00a0\u00bb column_padding_phone=\u00a0\u00bbinherit\u00a0\u00bb&#8230;<\/p>\n","protected":false},"author":1,"featured_media":0,"parent":0,"menu_order":0,"comment_status":"closed","ping_status":"closed","template":"","meta":{"footnotes":""},"class_list":["post-3829","page","type-page","status-publish"],"_links":{"self":[{"href":"https:\/\/creaturescreatrices.com\/index.php\/wp-json\/wp\/v2\/pages\/3829","targetHints":{"allow":["GET"]}}],"collection":[{"href":"https:\/\/creaturescreatrices.com\/index.php\/wp-json\/wp\/v2\/pages"}],"about":[{"href":"https:\/\/creaturescreatrices.com\/index.php\/wp-json\/wp\/v2\/types\/page"}],"author":[{"embeddable":true,"href":"https:\/\/creaturescreatrices.com\/index.php\/wp-json\/wp\/v2\/users\/1"}],"replies":[{"embeddable":true,"href":"https:\/\/creaturescreatrices.com\/index.php\/wp-json\/wp\/v2\/comments?post=3829"}],"version-history":[{"count":3,"href":"https:\/\/creaturescreatrices.com\/index.php\/wp-json\/wp\/v2\/pages\/3829\/revisions"}],"predecessor-version":[{"id":3847,"href":"https:\/\/creaturescreatrices.com\/index.php\/wp-json\/wp\/v2\/pages\/3829\/revisions\/3847"}],"wp:attachment":[{"href":"https:\/\/creaturescreatrices.com\/index.php\/wp-json\/wp\/v2\/media?parent=3829"}],"curies":[{"name":"wp","href":"https:\/\/api.w.org\/{rel}","templated":true}]}}